{"id":3359,"date":"2016-02-10T12:17:24","date_gmt":"2016-02-10T12:17:24","guid":{"rendered":"http:\/\/skimalenovice.cz\/?page_id=3359"},"modified":"2023-12-08T08:32:58","modified_gmt":"2023-12-08T08:32:58","slug":"cenik","status":"publish","type":"page","link":"https:\/\/skimalenovice.cz\/?page_id=3359","title":{"rendered":"Cen\u00edk"},"content":{"rendered":"\n<style type=\"text\/css\" data-created_by=\"avia_inline_auto\" id=\"style-css-av-r0wai7-9b111a5930b1b3376bf9342d08b9dd60\">\n#top .av-special-heading.av-r0wai7-9b111a5930b1b3376bf9342d08b9dd60{\npadding-bottom:20px;\n}\nbody .av-special-heading.av-r0wai7-9b111a5930b1b3376bf9342d08b9dd60 .av-special-heading-tag .heading-char{\nfont-size:25px;\n}\n.av-special-heading.av-r0wai7-9b111a5930b1b3376bf9342d08b9dd60 .av-subheading{\nfont-size:15px;\n}\n<\/style>\n<div  class='av-special-heading av-r0wai7-9b111a5930b1b3376bf9342d08b9dd60 av-special-heading-h1 blockquote modern-quote modern-centered  avia-builder-el-0  el_before_av_textblock  avia-builder-el-first '><h1 class='av-special-heading-tag'  itemprop=\"headline\"  >Cen\u00edk j\u00edzdn\u00e9ho<\/h1><div class=\"special-heading-border\"><div class=\"special-heading-inner-border\"><\/div><\/div><\/div>\n<section  class='av_textblock_section av-lppmqoim-10c302b0de297aa464464849de84c1ec '   itemscope=\"itemscope\" itemtype=\"https:\/\/schema.org\/CreativeWork\" ><div class='avia_textblock'  itemprop=\"text\" ><p style=\"text-align: center;\">Pro zimn\u00ed sez\u00f3nu 2023\/2024 jsme zjednodu\u0161ili cen\u00edk j\u00edzdn\u00e9ho.<\/p>\n<h3 style=\"text-align: center;\"><strong>Nov\u011b zaplat\u00edte jednotnou cenu:<\/strong><\/h3>\n<h3 style=\"text-align: center;\">300 K\u010d na osobu \/ denn\u00ed ly\u017eov\u00e1n\u00ed<\/h3>\n<h3 style=\"text-align: center;\">300 K\u010d na osobu \/ ve\u010dern\u00ed ly\u017eov\u00e1n\u00ed<\/h3>\n<p style=\"text-align: center;\">&#8211;<\/p>\n<p style=\"text-align: center;\"><strong>P\u0159i platb\u011b skipassu z\u00e1rove\u0148 zaplat\u00edte z\u00e1lohu na \u010dipovou kartu 100 K\u010d (pouze v hotovosti).<\/strong> Z\u00e1lohu za nepo\u0161kozenou kartu dostanete vr\u00e1cenou kdykoliv v pr\u016fb\u011bhu provozn\u00ed doby, nejpozd\u011bji v\u0161ak 15 minut po ukon\u010den\u00ed provozu ly\u017ea\u0159sk\u00e9ho are\u00e1lu.<\/p>\n<p><a href=\"https:\/\/skimalenovice.cz\/wp-content\/uploads\/2023\/12\/SKI-Malenovice_cenik-2324.jpg\"><img loading=\"lazy\" decoding=\"async\" class=\"wp-image-5294 aligncenter\" src=\"https:\/\/skimalenovice.cz\/wp-content\/uploads\/2023\/12\/SKI-Malenovice_cenik-2324-1030x1030.jpg\" alt=\"SKI Malenovice_cenik_novy_2023\/24\" width=\"300\" height=\"300\" srcset=\"https:\/\/skimalenovice.cz\/wp-content\/uploads\/2023\/12\/SKI-Malenovice_cenik-2324-1030x1030.jpg 1030w, https:\/\/skimalenovice.cz\/wp-content\/uploads\/2023\/12\/SKI-Malenovice_cenik-2324-300x300.jpg 300w, https:\/\/skimalenovice.cz\/wp-content\/uploads\/2023\/12\/SKI-Malenovice_cenik-2324-80x80.jpg 80w, https:\/\/skimalenovice.cz\/wp-content\/uploads\/2023\/12\/SKI-Malenovice_cenik-2324-768x768.jpg 768w, https:\/\/skimalenovice.cz\/wp-content\/uploads\/2023\/12\/SKI-Malenovice_cenik-2324-36x36.jpg 36w, https:\/\/skimalenovice.cz\/wp-content\/uploads\/2023\/12\/SKI-Malenovice_cenik-2324-180x180.jpg 180w, https:\/\/skimalenovice.cz\/wp-content\/uploads\/2023\/12\/SKI-Malenovice_cenik-2324-705x705.jpg 705w, https:\/\/skimalenovice.cz\/wp-content\/uploads\/2023\/12\/SKI-Malenovice_cenik-2324.jpg 1080w\" sizes=\"auto, (max-width: 300px) 100vw, 300px\" \/><\/a><\/p>\n<\/div><\/section>\n","protected":false},"excerpt":{"rendered":"","protected":false},"author":6,"featured_media":5031,"parent":0,"menu_order":0,"comment_status":"closed","ping_status":"closed","template":"","meta":{"footnotes":""},"class_list":["post-3359","page","type-page","status-publish","has-post-thumbnail","hentry"],"_links":{"self":[{"href":"https:\/\/skimalenovice.cz\/index.php?rest_route=\/wp\/v2\/pages\/3359","targetHints":{"allow":["GET"]}}],"collection":[{"href":"https:\/\/skimalenovice.cz\/index.php?rest_route=\/wp\/v2\/pages"}],"about":[{"href":"https:\/\/skimalenovice.cz\/index.php?rest_route=\/wp\/v2\/types\/page"}],"author":[{"embeddable":true,"href":"https:\/\/skimalenovice.cz\/index.php?rest_route=\/wp\/v2\/users\/6"}],"replies":[{"embeddable":true,"href":"https:\/\/skimalenovice.cz\/index.php?rest_route=%2Fwp%2Fv2%2Fcomments&post=3359"}],"version-history":[{"count":62,"href":"https:\/\/skimalenovice.cz\/index.php?rest_route=\/wp\/v2\/pages\/3359\/revisions"}],"predecessor-version":[{"id":5405,"href":"https:\/\/skimalenovice.cz\/index.php?rest_route=\/wp\/v2\/pages\/3359\/revisions\/5405"}],"wp:featuredmedia":[{"embeddable":true,"href":"https:\/\/skimalenovice.cz\/index.php?rest_route=\/wp\/v2\/media\/5031"}],"wp:attachment":[{"href":"https:\/\/skimalenovice.cz\/index.php?rest_route=%2Fwp%2Fv2%2Fmedia&parent=3359"}],"curies":[{"name":"wp","href":"https:\/\/api.w.org\/{rel}","templated":true}]}}