{"id":26,"date":"2014-07-09T16:04:43","date_gmt":"2014-07-09T16:04:43","guid":{"rendered":"http:\/\/192.168.1.104\/restaurant\/?page_id=25"},"modified":"2020-12-17T11:27:06","modified_gmt":"2020-12-17T11:27:06","slug":"about","status":"publish","type":"page","link":"https:\/\/skimalenovice.cz\/?page_id=26","title":{"rendered":"O Are\u00e1lu"},"content":{"rendered":"<div id='full_slider_1'  class='avia-fullwidth-slider main_color avia-shadow   avia-builder-el-0  el_before_av_section  avia-builder-el-first   container_wrap sidebar_right'  ><div  class='avia-slideshow av-av_slideshow_full-7c89eef234b705e7a4d2de62d66c7ebb avia-slideshow-no scaling av_slideshow_full avia-slide-slider av-slideshow-ui av-control-default av-slideshow-manual av-loop-once av-loop-manual-endless av-default-height-applied   avia-slideshow-1' data-slideshow-options=\"{&quot;animation&quot;:&quot;slide&quot;,&quot;autoplay&quot;:false,&quot;loop_autoplay&quot;:&quot;once&quot;,&quot;interval&quot;:5,&quot;loop_manual&quot;:&quot;manual-endless&quot;,&quot;autoplay_stopper&quot;:false,&quot;noNavigation&quot;:false,&quot;bg_slider&quot;:false,&quot;keep_padding&quot;:false,&quot;hoverpause&quot;:false,&quot;show_slide_delay&quot;:0}\"  itemprop=\"image\" itemscope=\"itemscope\" itemtype=\"https:\/\/schema.org\/ImageObject\" ><ul class='avia-slideshow-inner ' style='padding-bottom: 32.292787944026%;'><li  class='avia-slideshow-slide av-av_slideshow_full-7c89eef234b705e7a4d2de62d66c7ebb__0  av-single-slide slide-1 slide-odd'><div data-rel='slideshow-1' class='avia-slide-wrap '   ><img decoding=\"async\" fetchpriority=\"high\" class=\"wp-image-550 avia-img-lazy-loading-not-550\"  src=\"https:\/\/skimalenovice.cz\/wp-content\/uploads\/2014\/07\/Panorama_bez_nazvu1.jpg\" width=\"1858\" height=\"600\" title='Panorama_bez_nazvu1' alt=''  itemprop=\"thumbnailUrl\" srcset=\"https:\/\/skimalenovice.cz\/wp-content\/uploads\/2014\/07\/Panorama_bez_nazvu1.jpg 1858w, https:\/\/skimalenovice.cz\/wp-content\/uploads\/2014\/07\/Panorama_bez_nazvu1-300x97.jpg 300w, https:\/\/skimalenovice.cz\/wp-content\/uploads\/2014\/07\/Panorama_bez_nazvu1-1030x333.jpg 1030w, https:\/\/skimalenovice.cz\/wp-content\/uploads\/2014\/07\/Panorama_bez_nazvu1-1500x484.jpg 1500w, https:\/\/skimalenovice.cz\/wp-content\/uploads\/2014\/07\/Panorama_bez_nazvu1-705x228.jpg 705w, https:\/\/skimalenovice.cz\/wp-content\/uploads\/2014\/07\/Panorama_bez_nazvu1-450x145.jpg 450w\" sizes=\"(max-width: 1858px) 100vw, 1858px\" \/><\/div><\/li><\/ul><\/div><\/div>\n<div id='av_section_1'  class='avia-section av-av_section-f6ab5b81e634ea345e6c81f64e3dbfab main_color avia-section-default avia-no-shadow  avia-builder-el-1  el_after_av_slideshow_full  el_before_av_hr  avia-bg-style-scroll container_wrap sidebar_right'  ><div class='container av-section-cont-open' ><div class='template-page content  av-content-small alpha units'><div class='post-entry post-entry-type-page post-entry-26'><div class='entry-content-wrapper clearfix'>\n<div  class='flex_column av-av_one_half-2a9015ff38129c418a3f2eafba3e9512 av_one_half  avia-builder-el-2  el_before_av_one_half  avia-builder-el-first  first flex_column_div  '     ><style type=\"text\/css\" data-created_by=\"avia_inline_auto\" id=\"style-css-sub-av-av_image_hotspot-9507dac2d6be0e6f12ae5a438911ef2a\">\n.av-hotspot-image-container .av-image-hotspot.av-av_image_spot-06cca77575271c99e73525d7580fa230{\ntop:19.2%;\nleft:19.7%;\n}\n.av-hotspot-image-container .av-image-hotspot.av-av_image_spot-59ae5b1494d39d4c2961a32b430ce0a9{\ntop:38.6%;\nleft:29%;\n}\n.av-hotspot-image-container .av-image-hotspot.av-av_image_spot-91e8ff6541b5212f84291303a604b6c8{\ntop:43.1%;\nleft:48.4%;\n}\n.av-hotspot-image-container .av-image-hotspot.av-av_image_spot-f669f0e069ea0f2aad4ad3bc308f0a71{\ntop:49.2%;\nleft:26.6%;\n}\n.av-hotspot-image-container .av-image-hotspot.av-av_image_spot-835b0a3c33bdbc581639e8f9372cab42{\ntop:75.2%;\nleft:50%;\n}\n<\/style>\n<div  class='av-hotspot-image-container av-av_image_hotspot-9507dac2d6be0e6f12ae5a438911ef2a  avia-builder-el-3  avia-builder-el-no-sibling  av-hotspot-numbered av-mobile-fallback-active  av-non-fullwidth-hotspot-image'  itemprop=\"image\" itemscope=\"itemscope\" itemtype=\"https:\/\/schema.org\/ImageObject\" ><div class='av-hotspot-container'><div class='av-hotspot-container-inner-cell'><div class='av-hotspot-container-inner-wrap'><div class='av-image-hotspot av-av_image_spot-06cca77575271c99e73525d7580fa230 av-image-hotspot-1 ' data-avia-tooltip-position='top' data-avia-tooltip-alignment='left' data-avia-tooltip-class='av-tt-default-width av-tt-pos-above av-tt-align-left  av-mobile-fallback-active  main_color av-tt-hotspot' data-avia-tooltip='&lt;p&gt;Vyhl\u00eddka &#8211; 1400m&lt;\/p&gt;\n'><div class='av-image-hotspot_inner'>1<\/div><div class='av-image-hotspot-pulse'><\/div><\/div><div class='av-image-hotspot av-av_image_spot-59ae5b1494d39d4c2961a32b430ce0a9 av-image-hotspot-2 ' data-avia-tooltip-position='top' data-avia-tooltip-alignment='left' data-avia-tooltip-class='av-tt-default-width av-tt-pos-above av-tt-align-left  av-mobile-fallback-active  main_color av-tt-hotspot' data-avia-tooltip='&lt;p&gt;Kombi &#8211; 1200 m&lt;\/p&gt;\n'><div class='av-image-hotspot_inner'>2<\/div><div class='av-image-hotspot-pulse'><\/div><\/div><div class='av-image-hotspot av-av_image_spot-91e8ff6541b5212f84291303a604b6c8 av-image-hotspot-3 ' data-avia-tooltip-position='top' data-avia-tooltip-alignment='left' data-avia-tooltip-class='av-tt-default-width av-tt-pos-above av-tt-align-left  av-mobile-fallback-active  main_color av-tt-hotspot' data-avia-tooltip='&lt;p&gt;Mamut\u00a0&#8211; 850m&lt;\/p&gt;\n'><div class='av-image-hotspot_inner'>3<\/div><div class='av-image-hotspot-pulse'><\/div><\/div><div class='av-image-hotspot av-av_image_spot-f669f0e069ea0f2aad4ad3bc308f0a71 av-image-hotspot-4 ' data-avia-tooltip-position='top' data-avia-tooltip-alignment='left' data-avia-tooltip-class='av-tt-default-width av-tt-pos-above av-tt-align-left  av-mobile-fallback-active  main_color av-tt-hotspot' data-avia-tooltip='&lt;p&gt;Starom\u00e1k &#8211; 460m&lt;\/p&gt;\n'><div class='av-image-hotspot_inner'>4<\/div><div class='av-image-hotspot-pulse'><\/div><\/div><div class='av-image-hotspot av-av_image_spot-835b0a3c33bdbc581639e8f9372cab42 av-image-hotspot-5 ' data-avia-tooltip-position='top' data-avia-tooltip-alignment='left' data-avia-tooltip-class='av-tt-default-width av-tt-pos-above av-tt-align-left  av-mobile-fallback-active  main_color av-tt-hotspot' data-avia-tooltip='&lt;p&gt;\u0160kol\u00e1k &#8211; 250m&lt;\/p&gt;\n'><div class='av-image-hotspot_inner'>5<\/div><div class='av-image-hotspot-pulse'><\/div><\/div><img decoding=\"async\" fetchpriority=\"high\" class='wp-image-4306 avia-img-lazy-loading-not-4306 avia_image' src=\"https:\/\/skimalenovice.cz\/wp-content\/uploads\/2014\/07\/ski-m_planek-web-3-961x1030.jpg\" alt='' title='ski-m_planek-web'  height=\"1030\" width=\"961\"  itemprop=\"thumbnailUrl\" srcset=\"https:\/\/skimalenovice.cz\/wp-content\/uploads\/2014\/07\/ski-m_planek-web-3-961x1030.jpg 961w, https:\/\/skimalenovice.cz\/wp-content\/uploads\/2014\/07\/ski-m_planek-web-3-280x300.jpg 280w, https:\/\/skimalenovice.cz\/wp-content\/uploads\/2014\/07\/ski-m_planek-web-3-768x823.jpg 768w, https:\/\/skimalenovice.cz\/wp-content\/uploads\/2014\/07\/ski-m_planek-web-3-1400x1500.jpg 1400w, https:\/\/skimalenovice.cz\/wp-content\/uploads\/2014\/07\/ski-m_planek-web-3-658x705.jpg 658w, https:\/\/skimalenovice.cz\/wp-content\/uploads\/2014\/07\/ski-m_planek-web-3-450x482.jpg 450w, https:\/\/skimalenovice.cz\/wp-content\/uploads\/2014\/07\/ski-m_planek-web-3.jpg 1600w\" sizes=\"(max-width: 961px) 100vw, 961px\" \/><\/div><\/div><\/div><div class='av-hotspot-fallback-tooltip av-image-hotspot-1 '><div class=\"av-hotspot-fallback-tooltip-count\">1<div class=\"avia-arrow\"><\/div><\/div><div class=\"av-hotspot-fallback-tooltip-inner clearfix\"><p>\nVyhl\u00eddka &#8211; 1400m<\/p>\n<\/div><\/div><div class='av-hotspot-fallback-tooltip av-image-hotspot-2 '><div class=\"av-hotspot-fallback-tooltip-count\">2<div class=\"avia-arrow\"><\/div><\/div><div class=\"av-hotspot-fallback-tooltip-inner clearfix\"><p>\nKombi &#8211; 1200 m<\/p>\n<\/div><\/div><div class='av-hotspot-fallback-tooltip av-image-hotspot-3 '><div class=\"av-hotspot-fallback-tooltip-count\">3<div class=\"avia-arrow\"><\/div><\/div><div class=\"av-hotspot-fallback-tooltip-inner clearfix\"><p>\nMamut\u00a0&#8211; 850m<\/p>\n<\/div><\/div><div class='av-hotspot-fallback-tooltip av-image-hotspot-4 '><div class=\"av-hotspot-fallback-tooltip-count\">4<div class=\"avia-arrow\"><\/div><\/div><div class=\"av-hotspot-fallback-tooltip-inner clearfix\"><p>\nStarom\u00e1k &#8211; 460m<\/p>\n<\/div><\/div><div class='av-hotspot-fallback-tooltip av-image-hotspot-5 '><div class=\"av-hotspot-fallback-tooltip-count\">5<div class=\"avia-arrow\"><\/div><\/div><div class=\"av-hotspot-fallback-tooltip-inner clearfix\"><p>\n\u0160kol\u00e1k &#8211; 250m<\/p>\n<\/div><\/div><\/div><\/div>\n<style type=\"text\/css\" data-created_by=\"avia_inline_auto\" id=\"style-css-av-av_one_half-9c1d454dc06f7247226bc4e8f931daae\">\n.flex_column.av-av_one_half-9c1d454dc06f7247226bc4e8f931daae{\nborder-radius:0px 0px 0px 0px;\npadding:0px 0px 0px 0px;\n}\n<\/style>\n<div  class='flex_column av-av_one_half-9c1d454dc06f7247226bc4e8f931daae av_one_half  avia-builder-el-4  el_after_av_one_half  avia-builder-el-last  flex_column_div av-zero-column-padding  '     ><p>\n<style type=\"text\/css\" data-created_by=\"avia_inline_auto\" id=\"style-css-av-av_heading-61cf55aada1906f86a5c61f021fb0693\">\n#top .av-special-heading.av-av_heading-61cf55aada1906f86a5c61f021fb0693{\npadding-bottom:20px;\n}\nbody .av-special-heading.av-av_heading-61cf55aada1906f86a5c61f021fb0693 .av-special-heading-tag .heading-char{\nfont-size:25px;\n}\n.av-special-heading.av-av_heading-61cf55aada1906f86a5c61f021fb0693 .av-subheading{\nfont-size:18px;\n}\n<\/style>\n<div  class='av-special-heading av-av_heading-61cf55aada1906f86a5c61f021fb0693 av-special-heading-h2 blockquote modern-quote  avia-builder-el-5  el_before_av_textblock  avia-builder-el-first  av-thin-font'><h2 class='av-special-heading-tag'  itemprop=\"headline\"  >V\u00edtejte u <strong>N\u00e1s<\/strong><\/h2><div class='av-subheading av-subheading_below'><p>v ly\u017ea\u0159sk\u00e9m a turistick\u00e9m are\u00e1lu Ski Malenovice<\/p>\n<\/div><div class=\"special-heading-border\"><div class=\"special-heading-inner-border\"><\/div><\/div><\/div><br \/>\n<section  class='av_textblock_section av-av_textblock-0366cc7376be6c9e82a3e9cc8987b64f '   itemscope=\"itemscope\" itemtype=\"https:\/\/schema.org\/CreativeWork\" ><div class='avia_textblock'  itemprop=\"text\" ><p>Are\u00e1l Ski Malenovice <strong>\u201eNa Sta\u0161kov\u011b\u201c<\/strong> se nach\u00e1z\u00ed na \u00fapat\u00ed Lys\u00e9 hory v obci Malenovice, 29 km od Ostravy po \u010dty\u0159proud\u00e9 rychlostn\u00ed silnici R56 do Fr\u00fddku \u2013 M\u00edstku a silnici 56 do Fr\u00fddlantu nad Ostravic\u00ed p\u0159es Novou Ves na Malenovice.<\/p>\n<p>Are\u00e1l se nach\u00e1z\u00ed v nadmo\u0159sk\u00e9 v\u00fd\u0161ce cca 520-720 m. n. m. a je vybaven um\u011bl\u00fdm zasn\u011b\u017eov\u00e1n\u00edm, bezkontaktn\u00edmi kartami, \u00fapravou svah\u016f rolbou a ve\u010dern\u00edm osv\u011btlen\u00edm.<\/p>\n<blockquote>\n<p>K dispozici je velk\u00fd kotvov\u00fd vlek, a mal\u00e1 poma &#8211; ide\u00e1ln\u00ed k v\u00fduce d\u011bt\u00ed a za\u010d\u00e1te\u010dn\u00edk\u016f na ly\u017e\u00edch a snowboardu. V\u00fduku denn\u011b zaji\u0161\u0165uje\u00a0 Ly\u017ea\u0159sk\u00e1 \u0161kola Japa Sport.<\/p>\n<\/blockquote>\n<p>Are\u00e1l je dob\u0159e dostupn\u00fd autem, parkov\u00e1n\u00ed zdarma. T\u0159i parkovac\u00ed plochy, prvn\u00ed plocha je p\u0159\u00edmo u pokladny, dal\u0161\u00ed jsou zhruba 50 m a 100 m od pokladny.<\/p>\n<p>K zah\u0159\u00e1t\u00ed, ob\u010derstven\u00ed i ubytov\u00e1n\u00ed je k dispozici nov\u011b vybudovan\u00fd <strong><span style=\"color: #ff6600;\"><a style=\"color: #ff6600;\" href=\"http:\/\/www.chatapodlysou.cz\" target=\"_blank\" rel=\"noopener\">pension &#8222;Chata pod Lysou&#8220;<\/a><\/span><\/strong>\u00a0s venkovn\u00ed terasou, velk\u00fdm v\u00fdb\u011brem n\u00e1poj\u016f, tepl\u00fdmi j\u00eddly a p\u0159\u00edjemn\u00fdmi pokoji.<\/p>\n<\/div><\/section><\/p><\/div><\/div><\/div><\/div><!-- close content main div --><\/div><\/div><div id='after_section_1'  class='main_color av_default_container_wrap container_wrap sidebar_right'  ><div class='container av-section-cont-open' ><div class='template-page content  av-content-small alpha units'><div class='post-entry post-entry-type-page post-entry-26'><div class='entry-content-wrapper clearfix'>\n<style type=\"text\/css\" data-created_by=\"avia_inline_auto\" id=\"style-css-av-av_hr-0688d0b0b6ed2f8b057db7a8270206df\">\n#top .hr.hr-invisible.av-av_hr-0688d0b0b6ed2f8b057db7a8270206df{\nheight:50px;\n}\n<\/style>\n<div  class='hr av-av_hr-0688d0b0b6ed2f8b057db7a8270206df hr-invisible  avia-builder-el-7  el_after_av_section  el_before_av_masonry_gallery  avia-builder-el-no-sibling '><span class='hr-inner '><span class=\"hr-inner-style\"><\/span><\/span><\/div><\/p>\n<div id='av-masonry-1' class='av-masonry av-av_masonry_gallery-83e3eedd1577b7cf58319eff84514a95 noHover av-fixed-size av-no-gap av-hover-overlay- av-masonry-animation-active av-masonry-col-5 av-caption-on-hover av-caption-style- av-masonry-gallery ' data-post_id=\"26\"><div class=\"av-masonry-container isotope av-js-disabled\"><div class='av-masonry-entry isotope-item av-masonry-item-no-image '><\/div><a href=\"https:\/\/skimalenovice.cz\/wp-content\/uploads\/2014\/07\/Panorama_bez_nazvu4-1030x386.jpg\" data-srcset=\"https:\/\/skimalenovice.cz\/wp-content\/uploads\/2014\/07\/Panorama_bez_nazvu4-1030x386.jpg 1030w, https:\/\/skimalenovice.cz\/wp-content\/uploads\/2014\/07\/Panorama_bez_nazvu4-300x112.jpg 300w, https:\/\/skimalenovice.cz\/wp-content\/uploads\/2014\/07\/Panorama_bez_nazvu4-1500x562.jpg 1500w, https:\/\/skimalenovice.cz\/wp-content\/uploads\/2014\/07\/Panorama_bez_nazvu4-705x264.jpg 705w, https:\/\/skimalenovice.cz\/wp-content\/uploads\/2014\/07\/Panorama_bez_nazvu4-450x169.jpg 450w\" data-sizes=\"(max-width: 1030px) 100vw, 1030px\"  aria-label=\"image Panorama_bez_nazvu4\"  id='av-masonry-1-item-553' data-av-masonry-item='553' class='av-masonry-entry isotope-item post-553 attachment type-attachment status-inherit hentry  av-masonry-item-with-image av-landscape-img' title=\"Panorama_bez_nazvu4\" alt=\"\"    itemprop=\"thumbnailUrl\" ><div class='av-inner-masonry-sizer'><\/div><figure class='av-inner-masonry main_color'><div class=\"av-masonry-outerimage-container\"><div class='av-masonry-image-container' style=\"background-image: url(https:\/\/skimalenovice.cz\/wp-content\/uploads\/2014\/07\/Panorama_bez_nazvu4-705x264.jpg);\"  title=\"Panorama_bez_nazvu4\"  ><\/div><\/div><figcaption class='av-inner-masonry-content site-background'><div class='av-inner-masonry-content-pos'><div class='av-inner-masonry-content-pos-content'><div class='avia-arrow'><\/div><h3 class='av-masonry-entry-title entry-title '  itemprop=\"headline\" >Panorama_bez_nazvu4<\/h3><div class='av-masonry-entry-content entry-content'  itemprop=\"text\" >Mamut<\/div><\/div><\/div><\/figcaption><\/figure><\/a><!--end av-masonry entry--><a href=\"https:\/\/skimalenovice.cz\/wp-content\/uploads\/2014\/07\/Panorama_bez_nazvu3-1030x381.jpg\" data-srcset=\"https:\/\/skimalenovice.cz\/wp-content\/uploads\/2014\/07\/Panorama_bez_nazvu3-1030x381.jpg 1030w, https:\/\/skimalenovice.cz\/wp-content\/uploads\/2014\/07\/Panorama_bez_nazvu3-300x111.jpg 300w, https:\/\/skimalenovice.cz\/wp-content\/uploads\/2014\/07\/Panorama_bez_nazvu3-1500x555.jpg 1500w, https:\/\/skimalenovice.cz\/wp-content\/uploads\/2014\/07\/Panorama_bez_nazvu3-705x261.jpg 705w, https:\/\/skimalenovice.cz\/wp-content\/uploads\/2014\/07\/Panorama_bez_nazvu3-450x167.jpg 450w\" data-sizes=\"(max-width: 1030px) 100vw, 1030px\"  aria-label=\"image Panorama_bez_nazvu3\"  id='av-masonry-1-item-552' data-av-masonry-item='552' class='av-masonry-entry isotope-item post-552 attachment type-attachment status-inherit hentry  av-masonry-item-with-image av-landscape-img' title=\"Panorama_bez_nazvu3\" alt=\"\"    itemprop=\"thumbnailUrl\" ><div class='av-inner-masonry-sizer'><\/div><figure class='av-inner-masonry main_color'><div class=\"av-masonry-outerimage-container\"><div class='av-masonry-image-container' style=\"background-image: url(https:\/\/skimalenovice.cz\/wp-content\/uploads\/2014\/07\/Panorama_bez_nazvu3-705x261.jpg);\"  title=\"Panorama_bez_nazvu3\"  ><\/div><\/div><figcaption class='av-inner-masonry-content site-background'><div class='av-inner-masonry-content-pos'><div class='av-inner-masonry-content-pos-content'><div class='avia-arrow'><\/div><h3 class='av-masonry-entry-title entry-title '  itemprop=\"headline\" >Panorama_bez_nazvu3<\/h3><div class='av-masonry-entry-content entry-content'  itemprop=\"text\" >Starom\u00e1k<\/div><\/div><\/div><\/figcaption><\/figure><\/a><!--end av-masonry entry--><a href=\"https:\/\/skimalenovice.cz\/wp-content\/uploads\/2014\/07\/Panorama_bez_nazvu2-1030x355.jpg\" data-srcset=\"https:\/\/skimalenovice.cz\/wp-content\/uploads\/2014\/07\/Panorama_bez_nazvu2-1030x355.jpg 1030w, https:\/\/skimalenovice.cz\/wp-content\/uploads\/2014\/07\/Panorama_bez_nazvu2-300x103.jpg 300w, https:\/\/skimalenovice.cz\/wp-content\/uploads\/2014\/07\/Panorama_bez_nazvu2-1500x517.jpg 1500w, https:\/\/skimalenovice.cz\/wp-content\/uploads\/2014\/07\/Panorama_bez_nazvu2-705x243.jpg 705w, https:\/\/skimalenovice.cz\/wp-content\/uploads\/2014\/07\/Panorama_bez_nazvu2-450x155.jpg 450w\" data-sizes=\"(max-width: 1030px) 100vw, 1030px\"  aria-label=\"image Panorama_bez_nazvu2\"  id='av-masonry-1-item-551' data-av-masonry-item='551' class='av-masonry-entry isotope-item post-551 attachment type-attachment status-inherit hentry  av-masonry-item-with-image av-landscape-img' title=\"Panorama_bez_nazvu2\" alt=\"\"    itemprop=\"thumbnailUrl\" ><div class='av-inner-masonry-sizer'><\/div><figure class='av-inner-masonry main_color'><div class=\"av-masonry-outerimage-container\"><div class='av-masonry-image-container' style=\"background-image: url(https:\/\/skimalenovice.cz\/wp-content\/uploads\/2014\/07\/Panorama_bez_nazvu2-705x243.jpg);\"  title=\"Panorama_bez_nazvu2\"  ><\/div><\/div><figcaption class='av-inner-masonry-content site-background'><div class='av-inner-masonry-content-pos'><div class='av-inner-masonry-content-pos-content'><div class='avia-arrow'><\/div><h3 class='av-masonry-entry-title entry-title '  itemprop=\"headline\" >Panorama_bez_nazvu2<\/h3><div class='av-masonry-entry-content entry-content'  itemprop=\"text\" >Starom\u00e1k<\/div><\/div><\/div><\/figcaption><\/figure><\/a><!--end av-masonry entry--><a href=\"https:\/\/skimalenovice.cz\/wp-content\/uploads\/2014\/07\/Panorama_bez_nazvu1-1030x333.jpg\" data-srcset=\"https:\/\/skimalenovice.cz\/wp-content\/uploads\/2014\/07\/Panorama_bez_nazvu1-1030x333.jpg 1030w, https:\/\/skimalenovice.cz\/wp-content\/uploads\/2014\/07\/Panorama_bez_nazvu1-300x97.jpg 300w, https:\/\/skimalenovice.cz\/wp-content\/uploads\/2014\/07\/Panorama_bez_nazvu1-1500x484.jpg 1500w, https:\/\/skimalenovice.cz\/wp-content\/uploads\/2014\/07\/Panorama_bez_nazvu1-705x228.jpg 705w, https:\/\/skimalenovice.cz\/wp-content\/uploads\/2014\/07\/Panorama_bez_nazvu1-450x145.jpg 450w, https:\/\/skimalenovice.cz\/wp-content\/uploads\/2014\/07\/Panorama_bez_nazvu1.jpg 1858w\" data-sizes=\"(max-width: 1030px) 100vw, 1030px\"  aria-label=\"image Panorama_bez_nazvu1\"  id='av-masonry-1-item-550' data-av-masonry-item='550' class='av-masonry-entry isotope-item post-550 attachment type-attachment status-inherit hentry  av-masonry-item-with-image av-landscape-img' title=\"Panorama_bez_nazvu1\" alt=\"\"    itemprop=\"thumbnailUrl\" ><div class='av-inner-masonry-sizer'><\/div><figure class='av-inner-masonry main_color'><div class=\"av-masonry-outerimage-container\"><div class='av-masonry-image-container' style=\"background-image: url(https:\/\/skimalenovice.cz\/wp-content\/uploads\/2014\/07\/Panorama_bez_nazvu1-705x228.jpg);\"  title=\"Panorama_bez_nazvu1\"  ><\/div><\/div><figcaption class='av-inner-masonry-content site-background'><div class='av-inner-masonry-content-pos'><div class='av-inner-masonry-content-pos-content'><div class='avia-arrow'><\/div><h3 class='av-masonry-entry-title entry-title '  itemprop=\"headline\" >Panorama_bez_nazvu1<\/h3><\/div><\/div><\/figcaption><\/figure><\/a><!--end av-masonry entry--><a href=\"https:\/\/skimalenovice.cz\/wp-content\/uploads\/2014\/07\/IMG_6520-1030x687.jpg\" data-srcset=\"https:\/\/skimalenovice.cz\/wp-content\/uploads\/2014\/07\/IMG_6520-1030x687.jpg 1030w, https:\/\/skimalenovice.cz\/wp-content\/uploads\/2014\/07\/IMG_6520-300x200.jpg 300w, https:\/\/skimalenovice.cz\/wp-content\/uploads\/2014\/07\/IMG_6520-1500x1000.jpg 1500w, https:\/\/skimalenovice.cz\/wp-content\/uploads\/2014\/07\/IMG_6520-705x470.jpg 705w, https:\/\/skimalenovice.cz\/wp-content\/uploads\/2014\/07\/IMG_6520-450x300.jpg 450w\" data-sizes=\"(max-width: 1030px) 100vw, 1030px\"  aria-label=\"image IMG_6520\"  id='av-masonry-1-item-549' data-av-masonry-item='549' class='av-masonry-entry isotope-item post-549 attachment type-attachment status-inherit hentry  av-masonry-item-with-image av-grid-img' title=\"IMG_6520\" alt=\"\"    itemprop=\"thumbnailUrl\" ><div class='av-inner-masonry-sizer'><\/div><figure class='av-inner-masonry main_color'><div class=\"av-masonry-outerimage-container\"><div class='av-masonry-image-container' style=\"background-image: url(https:\/\/skimalenovice.cz\/wp-content\/uploads\/2014\/07\/IMG_6520-705x470.jpg);\"  title=\"IMG_6520\"  ><\/div><\/div><figcaption class='av-inner-masonry-content site-background'><div class='av-inner-masonry-content-pos'><div class='av-inner-masonry-content-pos-content'><div class='avia-arrow'><\/div><h3 class='av-masonry-entry-title entry-title '  itemprop=\"headline\" >IMG_6520<\/h3><div class='av-masonry-entry-content entry-content'  itemprop=\"text\" >Vyhl\u00eddka<\/div><\/div><\/div><\/figcaption><\/figure><\/a><!--end av-masonry entry--><a href=\"https:\/\/skimalenovice.cz\/wp-content\/uploads\/2015\/11\/DSC_5564-1030x682.jpg\" data-srcset=\"https:\/\/skimalenovice.cz\/wp-content\/uploads\/2015\/11\/DSC_5564-1030x682.jpg 1030w, https:\/\/skimalenovice.cz\/wp-content\/uploads\/2015\/11\/DSC_5564-300x199.jpg 300w, https:\/\/skimalenovice.cz\/wp-content\/uploads\/2015\/11\/DSC_5564-1500x993.jpg 1500w, https:\/\/skimalenovice.cz\/wp-content\/uploads\/2015\/11\/DSC_5564-705x467.jpg 705w, https:\/\/skimalenovice.cz\/wp-content\/uploads\/2015\/11\/DSC_5564-450x298.jpg 450w\" data-sizes=\"(max-width: 1030px) 100vw, 1030px\"  aria-label=\"image DSC_5564\"  id='av-masonry-1-item-875' data-av-masonry-item='875' class='av-masonry-entry isotope-item post-875 attachment type-attachment status-inherit hentry  av-masonry-item-with-image av-grid-img' title=\"DSC_5564\" alt=\"\"    itemprop=\"thumbnailUrl\" ><div class='av-inner-masonry-sizer'><\/div><figure class='av-inner-masonry main_color'><div class=\"av-masonry-outerimage-container\"><div class='av-masonry-image-container' style=\"background-image: url(https:\/\/skimalenovice.cz\/wp-content\/uploads\/2015\/11\/DSC_5564-705x467.jpg);\"  title=\"DSC_5564\"  ><\/div><\/div><figcaption class='av-inner-masonry-content site-background'><div class='av-inner-masonry-content-pos'><div class='av-inner-masonry-content-pos-content'><div class='avia-arrow'><\/div><h3 class='av-masonry-entry-title entry-title '  itemprop=\"headline\" >DSC_5564<\/h3><div class='av-masonry-entry-content entry-content'  itemprop=\"text\" >\u0160kola<\/div><\/div><\/div><\/figcaption><\/figure><\/a><!--end av-masonry entry--><a href=\"https:\/\/skimalenovice.cz\/wp-content\/uploads\/2015\/11\/web_skimalenovice1-1030x417.jpg\" data-srcset=\"https:\/\/skimalenovice.cz\/wp-content\/uploads\/2015\/11\/web_skimalenovice1-1030x417.jpg 1030w, https:\/\/skimalenovice.cz\/wp-content\/uploads\/2015\/11\/web_skimalenovice1-300x121.jpg 300w, https:\/\/skimalenovice.cz\/wp-content\/uploads\/2015\/11\/web_skimalenovice1-1500x607.jpg 1500w, https:\/\/skimalenovice.cz\/wp-content\/uploads\/2015\/11\/web_skimalenovice1-705x285.jpg 705w, https:\/\/skimalenovice.cz\/wp-content\/uploads\/2015\/11\/web_skimalenovice1-450x182.jpg 450w\" data-sizes=\"(max-width: 1030px) 100vw, 1030px\"  aria-label=\"image web_skimalenovice\"  id='av-masonry-1-item-880' data-av-masonry-item='880' class='av-masonry-entry isotope-item post-880 attachment type-attachment status-inherit hentry  av-masonry-item-with-image av-landscape-img' title=\"web_skimalenovice\" alt=\"\"    itemprop=\"thumbnailUrl\" ><div class='av-inner-masonry-sizer'><\/div><figure class='av-inner-masonry main_color'><div class=\"av-masonry-outerimage-container\"><div class='av-masonry-image-container' style=\"background-image: url(https:\/\/skimalenovice.cz\/wp-content\/uploads\/2015\/11\/web_skimalenovice1-705x285.jpg);\"  title=\"web_skimalenovice\"  ><\/div><\/div><figcaption class='av-inner-masonry-content site-background'><div class='av-inner-masonry-content-pos'><div class='av-inner-masonry-content-pos-content'><div class='avia-arrow'><\/div><h3 class='av-masonry-entry-title entry-title '  itemprop=\"headline\" >web_skimalenovice<\/h3><div class='av-masonry-entry-content entry-content'  itemprop=\"text\" >Instrukto\u0159i<\/div><\/div><\/div><\/figcaption><\/figure><\/a><!--end av-masonry entry--><\/div><\/div>\n<div  class='hr av-av_hr-dcd2069817a0e3d34ae04cad8f3443c7 hr-default  avia-builder-el-9  el_after_av_masonry_gallery  el_before_av_slideshow_full  avia-builder-el-no-sibling '><span class='hr-inner '><span class=\"hr-inner-style\"><\/span><\/span><\/div>\n<\/div><\/div><\/div><!-- close content main div --><\/div><\/div><div id='full_slider_2'  class='avia-fullwidth-slider main_color avia-shadow   avia-builder-el-10  el_after_av_hr  avia-builder-el-last   slider-not-first container_wrap sidebar_right'  ><\/div>\n","protected":false},"excerpt":{"rendered":"","protected":false},"author":6,"featured_media":0,"parent":0,"menu_order":0,"comment_status":"open","ping_status":"open","template":"","meta":{"footnotes":""},"class_list":["post-26","page","type-page","status-publish","hentry"],"_links":{"self":[{"href":"https:\/\/skimalenovice.cz\/index.php?rest_route=\/wp\/v2\/pages\/26","targetHints":{"allow":["GET"]}}],"collection":[{"href":"https:\/\/skimalenovice.cz\/index.php?rest_route=\/wp\/v2\/pages"}],"about":[{"href":"https:\/\/skimalenovice.cz\/index.php?rest_route=\/wp\/v2\/types\/page"}],"author":[{"embeddable":true,"href":"https:\/\/skimalenovice.cz\/index.php?rest_route=\/wp\/v2\/users\/6"}],"replies":[{"embeddable":true,"href":"https:\/\/skimalenovice.cz\/index.php?rest_route=%2Fwp%2Fv2%2Fcomments&post=26"}],"version-history":[{"count":38,"href":"https:\/\/skimalenovice.cz\/index.php?rest_route=\/wp\/v2\/pages\/26\/revisions"}],"predecessor-version":[{"id":4770,"href":"https:\/\/skimalenovice.cz\/index.php?rest_route=\/wp\/v2\/pages\/26\/revisions\/4770"}],"wp:attachment":[{"href":"https:\/\/skimalenovice.cz\/index.php?rest_route=%2Fwp%2Fv2%2Fmedia&parent=26"}],"curies":[{"name":"wp","href":"https:\/\/api.w.org\/{rel}","templated":true}]}}